{"id":2595,"date":"2020-01-30T19:39:38","date_gmt":"2020-01-30T19:39:38","guid":{"rendered":"https:\/\/www.bflsecurity.ee\/toode\/abk-806-infrared-sensor-exit-button\/"},"modified":"2020-01-30T19:39:38","modified_gmt":"2020-01-30T19:39:38","slug":"abk-806-infrared-sensor-exit-button","status":"publish","type":"product","link":"https:\/\/www.bflsecurity.ee\/en\/toode\/abk-806-infrared-sensor-exit-button\/","title":{"rendered":"ABK-806 Infrared Sensor Exit Button"},"content":{"rendered":"<p>Dimensions: 115Lx70Wx29H(mm)<br \/>\u25b6Input : DC12V<br \/>\u25b6Contact Rating: 12-28V,3A<br \/>\u25b6Output Contact:\u00a0 NONCCOM<br \/>\u25b6Mechanical Life: 500000 tests<br \/>\u25b6Suitable for Door: Hollow Door<br \/>\u25b6Operating temp: -20\u2103\uff5e+55\u2103(14-131F)<br \/>\u25b6Suitable Humidity: 0-95% (relative humidity)<br \/>\u25b6Detection range: 0.1-10cm<br \/>\u25b6LED Indicator:<\/p>\n","protected":false},"excerpt":{"rendered":"<p>Infrared Sensor Exit Button<\/p>\n","protected":false},"featured_media":865,"comment_status":"closed","ping_status":"closed","template":"","meta":{"_acf_changed":false},"product_brand":[],"product_cat":[121],"product_tag":[],"class_list":{"0":"post-2595","1":"product","2":"type-product","3":"status-publish","4":"has-post-thumbnail","6":"product_cat-exit-buttons","7":"product_shipping_class-vaike-toode-en","9":"first","10":"onbackorder","11":"taxable","12":"shipping-taxable","13":"purchasable","14":"product-type-simple"},"acf":[],"yoast_head":"<!-- This site is optimized with the Yoast SEO plugin v27.4 - https:\/\/yoast.com\/product\/yoast-seo-wordpress\/ -->\n<title>ABK-806 Infrared Sensor Exit Button - BFL Security | L\u00e4bip\u00e4\u00e4sus\u00fcsteemid, videovalves\u00fcsteemid ja palju muud!<\/title>\n<meta name=\"description\" content=\"Infrared Sensor Exit Button\" \/>\n<meta name=\"robots\" content=\"index, follow, max-snippet:-1, max-image-preview:large, max-video-preview:-1\" \/>\n<link rel=\"canonical\" href=\"https:\/\/bflsecurity.ee\/toode\/puutevaba-sensoriga-valjumisnupp-abk-806\/\" \/>\n<meta property=\"og:locale\" content=\"en_US\" \/>\n<meta property=\"og:type\" content=\"article\" \/>\n<meta property=\"og:title\" content=\"ABK-806 Infrared Sensor Exit Button - BFL Security | L\u00e4bip\u00e4\u00e4sus\u00fcsteemid, videovalves\u00fcsteemid ja palju muud!\" \/>\n<meta property=\"og:description\" content=\"Infrared Sensor Exit Button\" \/>\n<meta property=\"og:url\" content=\"https:\/\/bflsecurity.ee\/toode\/puutevaba-sensoriga-valjumisnupp-abk-806\/\" \/>\n<meta property=\"og:site_name\" content=\"BFL Security | L\u00e4bip\u00e4\u00e4sus\u00fcsteemid, videovalves\u00fcsteemid ja palju muud!\" \/>\n<meta property=\"og:image\" content=\"https:\/\/bflsecurity.ee\/wp-content\/uploads\/2020\/01\/ABK806-562x375-1.jpg\" \/>\n\t<meta property=\"og:image:width\" content=\"562\" \/>\n\t<meta property=\"og:image:height\" content=\"375\" \/>\n\t<meta property=\"og:image:type\" content=\"image\/jpeg\" \/>\n<meta name=\"twitter:card\" content=\"summary_large_image\" \/>\n<script type=\"application\/ld+json\" class=\"yoast-schema-graph\">{\"@context\":\"https:\\\/\\\/schema.org\",\"@graph\":[{\"@type\":\"WebPage\",\"@id\":\"https:\\\/\\\/bflsecurity.ee\\\/toode\\\/puutevaba-sensoriga-valjumisnupp-abk-806\\\/\",\"url\":\"https:\\\/\\\/bflsecurity.ee\\\/toode\\\/puutevaba-sensoriga-valjumisnupp-abk-806\\\/\",\"name\":\"ABK-806 Infrared Sensor Exit Button - BFL Security | L\u00e4bip\u00e4\u00e4sus\u00fcsteemid, videovalves\u00fcsteemid ja palju muud!\",\"isPartOf\":{\"@id\":\"https:\\\/\\\/bflsecurity.ee\\\/en\\\/#website\"},\"primaryImageOfPage\":{\"@id\":\"https:\\\/\\\/bflsecurity.ee\\\/toode\\\/puutevaba-sensoriga-valjumisnupp-abk-806\\\/#primaryimage\"},\"image\":{\"@id\":\"https:\\\/\\\/bflsecurity.ee\\\/toode\\\/puutevaba-sensoriga-valjumisnupp-abk-806\\\/#primaryimage\"},\"thumbnailUrl\":\"https:\\\/\\\/www.bflsecurity.ee\\\/wp-content\\\/uploads\\\/2020\\\/01\\\/ABK806-562x375-1.jpg\",\"datePublished\":\"2020-01-30T19:39:38+00:00\",\"description\":\"Infrared Sensor Exit Button\",\"breadcrumb\":{\"@id\":\"https:\\\/\\\/bflsecurity.ee\\\/toode\\\/puutevaba-sensoriga-valjumisnupp-abk-806\\\/#breadcrumb\"},\"inLanguage\":\"en-US\",\"potentialAction\":[{\"@type\":\"ReadAction\",\"target\":[\"https:\\\/\\\/bflsecurity.ee\\\/toode\\\/puutevaba-sensoriga-valjumisnupp-abk-806\\\/\"]}]},{\"@type\":\"ImageObject\",\"inLanguage\":\"en-US\",\"@id\":\"https:\\\/\\\/bflsecurity.ee\\\/toode\\\/puutevaba-sensoriga-valjumisnupp-abk-806\\\/#primaryimage\",\"url\":\"https:\\\/\\\/www.bflsecurity.ee\\\/wp-content\\\/uploads\\\/2020\\\/01\\\/ABK806-562x375-1.jpg\",\"contentUrl\":\"https:\\\/\\\/www.bflsecurity.ee\\\/wp-content\\\/uploads\\\/2020\\\/01\\\/ABK806-562x375-1.jpg\",\"width\":562,\"height\":375},{\"@type\":\"BreadcrumbList\",\"@id\":\"https:\\\/\\\/bflsecurity.ee\\\/toode\\\/puutevaba-sensoriga-valjumisnupp-abk-806\\\/#breadcrumb\",\"itemListElement\":[{\"@type\":\"ListItem\",\"position\":1,\"name\":\"Home\",\"item\":\"https:\\\/\\\/bflsecurity.ee\\\/en\\\/\"},{\"@type\":\"ListItem\",\"position\":2,\"name\":\"Tooted\",\"item\":\"https:\\\/\\\/www.bflsecurity.ee\\\/tooted\\\/\"},{\"@type\":\"ListItem\",\"position\":3,\"name\":\"ABK-806 Infrared Sensor Exit Button\"}]},{\"@type\":\"WebSite\",\"@id\":\"https:\\\/\\\/bflsecurity.ee\\\/en\\\/#website\",\"url\":\"https:\\\/\\\/bflsecurity.ee\\\/en\\\/\",\"name\":\"BFL Security | L\u00e4bip\u00e4\u00e4sus\u00fcsteemid, videovalves\u00fcsteemid ja palju muud!\",\"description\":\"L\u00e4bip\u00e4\u00e4sus\u00fcsteemid, videovalves\u00fcsteemid ja palju muud!\",\"publisher\":{\"@id\":\"https:\\\/\\\/bflsecurity.ee\\\/en\\\/#organization\"},\"potentialAction\":[{\"@type\":\"SearchAction\",\"target\":{\"@type\":\"EntryPoint\",\"urlTemplate\":\"https:\\\/\\\/bflsecurity.ee\\\/en\\\/?s={search_term_string}\"},\"query-input\":{\"@type\":\"PropertyValueSpecification\",\"valueRequired\":true,\"valueName\":\"search_term_string\"}}],\"inLanguage\":\"en-US\"},{\"@type\":\"Organization\",\"@id\":\"https:\\\/\\\/bflsecurity.ee\\\/en\\\/#organization\",\"name\":\"BFL Security | L\u00e4bip\u00e4\u00e4sus\u00fcsteemid, videovalves\u00fcsteemid ja palju muud!\",\"url\":\"https:\\\/\\\/bflsecurity.ee\\\/en\\\/\",\"logo\":{\"@type\":\"ImageObject\",\"inLanguage\":\"en-US\",\"@id\":\"https:\\\/\\\/bflsecurity.ee\\\/en\\\/#\\\/schema\\\/logo\\\/image\\\/\",\"url\":\"https:\\\/\\\/www.bflsecurity.ee\\\/wp-content\\\/uploads\\\/2020\\\/01\\\/logo.svg\",\"contentUrl\":\"https:\\\/\\\/www.bflsecurity.ee\\\/wp-content\\\/uploads\\\/2020\\\/01\\\/logo.svg\",\"width\":180,\"height\":57,\"caption\":\"BFL Security | L\u00e4bip\u00e4\u00e4sus\u00fcsteemid, videovalves\u00fcsteemid ja palju muud!\"},\"image\":{\"@id\":\"https:\\\/\\\/bflsecurity.ee\\\/en\\\/#\\\/schema\\\/logo\\\/image\\\/\"}}]}<\/script>\n<!-- \/ Yoast SEO plugin. -->","yoast_head_json":{"title":"ABK-806 Infrared Sensor Exit Button - BFL Security | L\u00e4bip\u00e4\u00e4sus\u00fcsteemid, videovalves\u00fcsteemid ja palju muud!","description":"Infrared Sensor Exit Button","robots":{"index":"index","follow":"follow","max-snippet":"max-snippet:-1","max-image-preview":"max-image-preview:large","max-video-preview":"max-video-preview:-1"},"canonical":"https:\/\/bflsecurity.ee\/toode\/puutevaba-sensoriga-valjumisnupp-abk-806\/","og_locale":"en_US","og_type":"article","og_title":"ABK-806 Infrared Sensor Exit Button - BFL Security | L\u00e4bip\u00e4\u00e4sus\u00fcsteemid, videovalves\u00fcsteemid ja palju muud!","og_description":"Infrared Sensor Exit Button","og_url":"https:\/\/bflsecurity.ee\/toode\/puutevaba-sensoriga-valjumisnupp-abk-806\/","og_site_name":"BFL Security | L\u00e4bip\u00e4\u00e4sus\u00fcsteemid, videovalves\u00fcsteemid ja palju muud!","og_image":[{"width":562,"height":375,"url":"https:\/\/bflsecurity.ee\/wp-content\/uploads\/2020\/01\/ABK806-562x375-1.jpg","type":"image\/jpeg"}],"twitter_card":"summary_large_image","schema":{"@context":"https:\/\/schema.org","@graph":[{"@type":"WebPage","@id":"https:\/\/bflsecurity.ee\/toode\/puutevaba-sensoriga-valjumisnupp-abk-806\/","url":"https:\/\/bflsecurity.ee\/toode\/puutevaba-sensoriga-valjumisnupp-abk-806\/","name":"ABK-806 Infrared Sensor Exit Button - BFL Security | L\u00e4bip\u00e4\u00e4sus\u00fcsteemid, videovalves\u00fcsteemid ja palju muud!","isPartOf":{"@id":"https:\/\/bflsecurity.ee\/en\/#website"},"primaryImageOfPage":{"@id":"https:\/\/bflsecurity.ee\/toode\/puutevaba-sensoriga-valjumisnupp-abk-806\/#primaryimage"},"image":{"@id":"https:\/\/bflsecurity.ee\/toode\/puutevaba-sensoriga-valjumisnupp-abk-806\/#primaryimage"},"thumbnailUrl":"https:\/\/www.bflsecurity.ee\/wp-content\/uploads\/2020\/01\/ABK806-562x375-1.jpg","datePublished":"2020-01-30T19:39:38+00:00","description":"Infrared Sensor Exit Button","breadcrumb":{"@id":"https:\/\/bflsecurity.ee\/toode\/puutevaba-sensoriga-valjumisnupp-abk-806\/#breadcrumb"},"inLanguage":"en-US","potentialAction":[{"@type":"ReadAction","target":["https:\/\/bflsecurity.ee\/toode\/puutevaba-sensoriga-valjumisnupp-abk-806\/"]}]},{"@type":"ImageObject","inLanguage":"en-US","@id":"https:\/\/bflsecurity.ee\/toode\/puutevaba-sensoriga-valjumisnupp-abk-806\/#primaryimage","url":"https:\/\/www.bflsecurity.ee\/wp-content\/uploads\/2020\/01\/ABK806-562x375-1.jpg","contentUrl":"https:\/\/www.bflsecurity.ee\/wp-content\/uploads\/2020\/01\/ABK806-562x375-1.jpg","width":562,"height":375},{"@type":"BreadcrumbList","@id":"https:\/\/bflsecurity.ee\/toode\/puutevaba-sensoriga-valjumisnupp-abk-806\/#breadcrumb","itemListElement":[{"@type":"ListItem","position":1,"name":"Home","item":"https:\/\/bflsecurity.ee\/en\/"},{"@type":"ListItem","position":2,"name":"Tooted","item":"https:\/\/www.bflsecurity.ee\/tooted\/"},{"@type":"ListItem","position":3,"name":"ABK-806 Infrared Sensor Exit Button"}]},{"@type":"WebSite","@id":"https:\/\/bflsecurity.ee\/en\/#website","url":"https:\/\/bflsecurity.ee\/en\/","name":"BFL Security | L\u00e4bip\u00e4\u00e4sus\u00fcsteemid, videovalves\u00fcsteemid ja palju muud!","description":"L\u00e4bip\u00e4\u00e4sus\u00fcsteemid, videovalves\u00fcsteemid ja palju muud!","publisher":{"@id":"https:\/\/bflsecurity.ee\/en\/#organization"},"potentialAction":[{"@type":"SearchAction","target":{"@type":"EntryPoint","urlTemplate":"https:\/\/bflsecurity.ee\/en\/?s={search_term_string}"},"query-input":{"@type":"PropertyValueSpecification","valueRequired":true,"valueName":"search_term_string"}}],"inLanguage":"en-US"},{"@type":"Organization","@id":"https:\/\/bflsecurity.ee\/en\/#organization","name":"BFL Security | L\u00e4bip\u00e4\u00e4sus\u00fcsteemid, videovalves\u00fcsteemid ja palju muud!","url":"https:\/\/bflsecurity.ee\/en\/","logo":{"@type":"ImageObject","inLanguage":"en-US","@id":"https:\/\/bflsecurity.ee\/en\/#\/schema\/logo\/image\/","url":"https:\/\/www.bflsecurity.ee\/wp-content\/uploads\/2020\/01\/logo.svg","contentUrl":"https:\/\/www.bflsecurity.ee\/wp-content\/uploads\/2020\/01\/logo.svg","width":180,"height":57,"caption":"BFL Security | L\u00e4bip\u00e4\u00e4sus\u00fcsteemid, videovalves\u00fcsteemid ja palju muud!"},"image":{"@id":"https:\/\/bflsecurity.ee\/en\/#\/schema\/logo\/image\/"}}]}},"_links":{"self":[{"href":"https:\/\/www.bflsecurity.ee\/en\/wp-json\/wp\/v2\/product\/2595","targetHints":{"allow":["GET"]}}],"collection":[{"href":"https:\/\/www.bflsecurity.ee\/en\/wp-json\/wp\/v2\/product"}],"about":[{"href":"https:\/\/www.bflsecurity.ee\/en\/wp-json\/wp\/v2\/types\/product"}],"replies":[{"embeddable":true,"href":"https:\/\/www.bflsecurity.ee\/en\/wp-json\/wp\/v2\/comments?post=2595"}],"wp:featuredmedia":[{"embeddable":true,"href":"https:\/\/www.bflsecurity.ee\/en\/wp-json\/wp\/v2\/media\/865"}],"wp:attachment":[{"href":"https:\/\/www.bflsecurity.ee\/en\/wp-json\/wp\/v2\/media?parent=2595"}],"wp:term":[{"taxonomy":"product_brand","embeddable":true,"href":"https:\/\/www.bflsecurity.ee\/en\/wp-json\/wp\/v2\/product_brand?post=2595"},{"taxonomy":"product_cat","embeddable":true,"href":"https:\/\/www.bflsecurity.ee\/en\/wp-json\/wp\/v2\/product_cat?post=2595"},{"taxonomy":"product_tag","embeddable":true,"href":"https:\/\/www.bflsecurity.ee\/en\/wp-json\/wp\/v2\/product_tag?post=2595"}],"curies":[{"name":"wp","href":"https:\/\/api.w.org\/{rel}","templated":true}]}}